{"id":412,"date":"2023-06-21T14:04:11","date_gmt":"2023-06-21T17:04:11","guid":{"rendered":"https:\/\/visioncontrol.com.br\/?page_id=412"},"modified":"2024-06-20T16:47:51","modified_gmt":"2024-06-20T19:47:51","slug":"sobrenos","status":"publish","type":"page","link":"https:\/\/visioncontrol.com.br\/?page_id=412","title":{"rendered":"Sobre N\u00f3s"},"content":{"rendered":"\t\t<div data-elementor-type=\"wp-page\" data-elementor-id=\"412\" class=\"elementor elementor-412\">\n\t\t\t\t\t\t<section class=\"elementor-section elementor-top-section elementor-element elementor-element-7877df6 elementor-section-full_width elementor-section-height-min-height elementor-section-stretched elementor-section-items-top elementor-section-height-default\" data-id=\"7877df6\" data-element_type=\"section\" data-settings=\"{&quot;stretch_section&quot;:&quot;section-stretched&quot;,&quot;background_background&quot;:&quot;classic&quot;,&quot;motion_fx_motion_fx_scrolling&quot;:&quot;yes&quot;,&quot;sticky&quot;:&quot;top&quot;,&quot;motion_fx_devices&quot;:[&quot;desktop&quot;,&quot;tablet&quot;,&quot;mobile&quot;],&quot;sticky_on&quot;:[&quot;desktop&quot;,&quot;tablet&quot;,&quot;mobile&quot;],&quot;sticky_offset&quot;:0,&quot;sticky_effects_offset&quot;:0}\">\n\t\t\t\t\t\t<div class=\"elementor-container elementor-column-gap-no\">\n\t\t\t\t\t<div class=\"elementor-column elementor-col-100 elementor-top-column elementor-element elementor-element-bddf46c\" data-id=\"bddf46c\" data-element_type=\"column\">\n\t\t\t<div class=\"elementor-widget-wrap elementor-element-populated\">\n\t\t\t\t\t\t<section class=\"elementor-section elementor-inner-section elementor-element elementor-element-97c220a elementor-section-full_width elementor-section-height-min-height elementor-section-height-default\" data-id=\"97c220a\" data-element_type=\"section\" data-settings=\"{&quot;motion_fx_motion_fx_scrolling&quot;:&quot;yes&quot;,&quot;motion_fx_devices&quot;:[&quot;desktop&quot;,&quot;tablet&quot;,&quot;mobile&quot;]}\">\n\t\t\t\t\t\t<div class=\"elementor-container elementor-column-gap-default\">\n\t\t\t\t\t<div class=\"elementor-column elementor-col-25 elementor-inner-column elementor-element elementor-element-c1e813d\" data-id=\"c1e813d\" data-element_type=\"column\" data-settings=\"{&quot;background_background&quot;:&quot;classic&quot;}\">\n\t\t\t<div class=\"elementor-widget-wrap elementor-element-populated\">\n\t\t\t\t\t\t<div class=\"elementor-element elementor-element-3e3534d elementor-widget-mobile__width-auto elementor-widget__width-initial elementor-widget elementor-widget-image\" data-id=\"3e3534d\" data-element_type=\"widget\" data-widget_type=\"image.default\">\n\t\t\t\t<div class=\"elementor-widget-container\">\n\t\t\t\t\t\t\t\t\t\t\t\t\t\t\t\t<a href=\"https:\/\/visioncontrol.com.br\/\">\n\t\t\t\t\t\t\t<img fetchpriority=\"high\" decoding=\"async\" width=\"1024\" height=\"334\" src=\"https:\/\/visioncontrol.com.br\/wp-content\/uploads\/2023\/06\/vision1-1024x334.png\" class=\"attachment-large size-large wp-image-257\" alt=\"\" srcset=\"https:\/\/visioncontrol.com.br\/wp-content\/uploads\/2023\/06\/vision1-1024x334.png 1024w, https:\/\/visioncontrol.com.br\/wp-content\/uploads\/2023\/06\/vision1-300x98.png 300w, https:\/\/visioncontrol.com.br\/wp-content\/uploads\/2023\/06\/vision1-768x250.png 768w, https:\/\/visioncontrol.com.br\/wp-content\/uploads\/2023\/06\/vision1-1536x501.png 1536w, https:\/\/visioncontrol.com.br\/wp-content\/uploads\/2023\/06\/vision1-2048x668.png 2048w\" sizes=\"(max-width: 1024px) 100vw, 1024px\" \/>\t\t\t\t\t\t\t\t<\/a>\n\t\t\t\t\t\t\t\t\t\t\t\t\t\t\t<\/div>\n\t\t\t\t<\/div>\n\t\t\t\t\t<\/div>\n\t\t<\/div>\n\t\t\t\t<div class=\"elementor-column elementor-col-25 elementor-inner-column elementor-element elementor-element-16c48bd elementor-hidden-phone\" data-id=\"16c48bd\" data-element_type=\"column\">\n\t\t\t<div class=\"elementor-widget-wrap elementor-element-populated\">\n\t\t\t\t\t\t<div class=\"elementor-element elementor-element-d34e56a elementor-hidden-tablet elementor-hidden-phone elementor-nav-menu__align-left elementor-widget__width-initial elementor-nav-menu--dropdown-tablet elementor-nav-menu__text-align-aside elementor-nav-menu--toggle elementor-nav-menu--burger elementor-widget elementor-widget-nav-menu\" data-id=\"d34e56a\" data-element_type=\"widget\" data-settings=\"{&quot;layout&quot;:&quot;horizontal&quot;,&quot;submenu_icon&quot;:{&quot;value&quot;:&quot;&lt;i class=\\&quot;fas fa-caret-down\\&quot;&gt;&lt;\\\/i&gt;&quot;,&quot;library&quot;:&quot;fa-solid&quot;},&quot;toggle&quot;:&quot;burger&quot;}\" data-widget_type=\"nav-menu.default\">\n\t\t\t\t<div class=\"elementor-widget-container\">\n\t\t\t\t\t\t\t\t<nav migration_allowed=\"1\" migrated=\"0\" class=\"elementor-nav-menu--main elementor-nav-menu__container elementor-nav-menu--layout-horizontal e--pointer-underline e--animation-fade\">\n\t\t\t\t<ul id=\"menu-1-d34e56a\" class=\"elementor-nav-menu\"><li class=\"menu-item menu-item-type-post_type menu-item-object-page menu-item-home menu-item-35\"><a href=\"https:\/\/visioncontrol.com.br\/\" class=\"elementor-item menu-link\">Home<\/a><\/li>\n<li class=\"menu-item menu-item-type-custom menu-item-object-custom menu-item-36\"><a href=\"https:\/\/visioncontrol.com.br\/?page_id=412\" class=\"elementor-item menu-link\">Sobre N\u00f3s<\/a><\/li>\n<li class=\"menu-item menu-item-type-custom menu-item-object-custom menu-item-38\"><a href=\"https:\/\/visioncontrol.com.br\/?page_id=433\" class=\"elementor-item menu-link\">Blog<\/a><\/li>\n<li class=\"menu-item menu-item-type-custom menu-item-object-custom menu-item-39\"><a href=\"https:\/\/visioncontrol.com.br\/?page_id=448\" class=\"elementor-item menu-link\">Contato<\/a><\/li>\n<li class=\"menu-item menu-item-type-post_type menu-item-object-page menu-item-1517\"><a href=\"https:\/\/visioncontrol.com.br\/?page_id=1514\" class=\"elementor-item menu-link\">Treinamento<\/a><\/li>\n<\/ul>\t\t\t<\/nav>\n\t\t\t\t\t<div class=\"elementor-menu-toggle\" role=\"button\" tabindex=\"0\" aria-label=\"Menu Toggle\" aria-expanded=\"false\">\n\t\t\t<i aria-hidden=\"true\" role=\"presentation\" class=\"elementor-menu-toggle__icon--open eicon-menu-bar\"><\/i><i aria-hidden=\"true\" role=\"presentation\" class=\"elementor-menu-toggle__icon--close eicon-close\"><\/i>\t\t\t<span class=\"elementor-screen-only\">Menu<\/span>\n\t\t<\/div>\n\t\t\t<nav class=\"elementor-nav-menu--dropdown elementor-nav-menu__container\" aria-hidden=\"true\">\n\t\t\t\t<ul id=\"menu-2-d34e56a\" class=\"elementor-nav-menu\"><li class=\"menu-item menu-item-type-post_type menu-item-object-page menu-item-home menu-item-35\"><a href=\"https:\/\/visioncontrol.com.br\/\" class=\"elementor-item menu-link\" tabindex=\"-1\">Home<\/a><\/li>\n<li class=\"menu-item menu-item-type-custom menu-item-object-custom menu-item-36\"><a href=\"https:\/\/visioncontrol.com.br\/?page_id=412\" class=\"elementor-item menu-link\" tabindex=\"-1\">Sobre N\u00f3s<\/a><\/li>\n<li class=\"menu-item menu-item-type-custom menu-item-object-custom menu-item-38\"><a href=\"https:\/\/visioncontrol.com.br\/?page_id=433\" class=\"elementor-item menu-link\" tabindex=\"-1\">Blog<\/a><\/li>\n<li class=\"menu-item menu-item-type-custom menu-item-object-custom menu-item-39\"><a href=\"https:\/\/visioncontrol.com.br\/?page_id=448\" class=\"elementor-item menu-link\" tabindex=\"-1\">Contato<\/a><\/li>\n<li class=\"menu-item menu-item-type-post_type menu-item-object-page menu-item-1517\"><a href=\"https:\/\/visioncontrol.com.br\/?page_id=1514\" class=\"elementor-item menu-link\" tabindex=\"-1\">Treinamento<\/a><\/li>\n<\/ul>\t\t\t<\/nav>\n\t\t\t\t\t\t<\/div>\n\t\t\t\t<\/div>\n\t\t\t\t\t<\/div>\n\t\t<\/div>\n\t\t\t\t<div class=\"elementor-column elementor-col-25 elementor-inner-column elementor-element elementor-element-3ff0186\" data-id=\"3ff0186\" data-element_type=\"column\">\n\t\t\t<div class=\"elementor-widget-wrap elementor-element-populated\">\n\t\t\t\t\t\t<div class=\"elementor-element elementor-element-2db5921 elementor-widget__width-initial elementor-widget elementor-widget-button\" data-id=\"2db5921\" data-element_type=\"widget\" data-widget_type=\"button.default\">\n\t\t\t\t<div class=\"elementor-widget-container\">\n\t\t\t\t\t\t\t\t\t<div class=\"elementor-button-wrapper\">\n\t\t\t\t\t<a class=\"elementor-button elementor-button-link elementor-size-sm\" href=\"https:\/\/portal.visioncontrol.com.br\/\">\n\t\t\t\t\t\t<span class=\"elementor-button-content-wrapper\">\n\t\t\t\t\t\t\t\t\t<span class=\"elementor-button-text\">Login<\/span>\n\t\t\t\t\t<\/span>\n\t\t\t\t\t<\/a>\n\t\t\t\t<\/div>\n\t\t\t\t\t\t\t\t<\/div>\n\t\t\t\t<\/div>\n\t\t\t\t\t<\/div>\n\t\t<\/div>\n\t\t\t\t<div class=\"elementor-column elementor-col-25 elementor-inner-column elementor-element elementor-element-d9e12b9\" data-id=\"d9e12b9\" data-element_type=\"column\">\n\t\t\t<div class=\"elementor-widget-wrap elementor-element-populated\">\n\t\t\t\t\t\t<div class=\"elementor-element elementor-element-edce2a3 elementor-align-right elementor-widget__width-initial elementor-widget elementor-widget-button\" data-id=\"edce2a3\" data-element_type=\"widget\" data-widget_type=\"button.default\">\n\t\t\t\t<div class=\"elementor-widget-container\">\n\t\t\t\t\t\t\t\t\t<div class=\"elementor-button-wrapper\">\n\t\t\t\t\t<a class=\"elementor-button elementor-button-link elementor-size-sm\" href=\"https:\/\/api.whatsapp.com\/send?phone=5562996651600\" target=\"_blank\">\n\t\t\t\t\t\t<span class=\"elementor-button-content-wrapper\">\n\t\t\t\t\t\t\t\t\t<span class=\"elementor-button-text\">Fale com um Especialista<\/span>\n\t\t\t\t\t<\/span>\n\t\t\t\t\t<\/a>\n\t\t\t\t<\/div>\n\t\t\t\t\t\t\t\t<\/div>\n\t\t\t\t<\/div>\n\t\t\t\t\t<\/div>\n\t\t<\/div>\n\t\t\t\t\t<\/div>\n\t\t<\/section>\n\t\t\t\t\t<\/div>\n\t\t<\/div>\n\t\t\t\t\t<\/div>\n\t\t<\/section>\n\t\t\t\t<section class=\"elementor-section elementor-inner-section elementor-element elementor-element-2971251b elementor-section-full_width elementor-section-height-default elementor-section-height-default\" data-id=\"2971251b\" data-element_type=\"section\">\n\t\t\t\t\t\t<div class=\"elementor-container elementor-column-gap-custom\">\n\t\t\t\t\t<div class=\"elementor-column elementor-col-100 elementor-inner-column elementor-element elementor-element-28e1456b\" data-id=\"28e1456b\" data-element_type=\"column\">\n\t\t\t<div class=\"elementor-widget-wrap\">\n\t\t\t\t\t\t\t<\/div>\n\t\t<\/div>\n\t\t\t\t\t<\/div>\n\t\t<\/section>\n\t\t\t\t<section class=\"elementor-section elementor-inner-section elementor-element elementor-element-6191f47a elementor-section-full_width elementor-section-height-default elementor-section-height-default\" data-id=\"6191f47a\" data-element_type=\"section\">\n\t\t\t\t\t\t<div class=\"elementor-container elementor-column-gap-custom\">\n\t\t\t\t\t<div class=\"elementor-column elementor-col-50 elementor-inner-column elementor-element elementor-element-7408ef9b\" data-id=\"7408ef9b\" data-element_type=\"column\">\n\t\t\t<div class=\"elementor-widget-wrap elementor-element-populated\">\n\t\t\t\t\t\t<div class=\"elementor-element elementor-element-9aac19a elementor-widget elementor-widget-heading\" data-id=\"9aac19a\" data-element_type=\"widget\" data-widget_type=\"heading.default\">\n\t\t\t\t<div class=\"elementor-widget-container\">\n\t\t\t\t\t<h3 class=\"elementor-heading-title elementor-size-default\">Sobre N\u00f3s<\/h3>\t\t\t\t<\/div>\n\t\t\t\t<\/div>\n\t\t\t\t<div class=\"elementor-element elementor-element-70abf338 elementor-widget elementor-widget-spacer\" data-id=\"70abf338\" data-element_type=\"widget\" data-widget_type=\"spacer.default\">\n\t\t\t\t<div class=\"elementor-widget-container\">\n\t\t\t\t\t\t\t<div class=\"elementor-spacer\">\n\t\t\t<div class=\"elementor-spacer-inner\"><\/div>\n\t\t<\/div>\n\t\t\t\t\t\t<\/div>\n\t\t\t\t<\/div>\n\t\t\t\t<div class=\"elementor-element elementor-element-726f01bc elementor-widget elementor-widget-text-editor\" data-id=\"726f01bc\" data-element_type=\"widget\" data-widget_type=\"text-editor.default\">\n\t\t\t\t<div class=\"elementor-widget-container\">\n\t\t\t\t\t\t\t\t\t<p>Bem-vindo \u00e0 Vision Control, uma empresa especializada em sistemas de rastreamento e gest\u00e3o de frotas. Com nossa tecnologia avan\u00e7ada, oferecemos solu\u00e7\u00f5es inteligentes para otimizar suas opera\u00e7\u00f5es de transporte.<\/p><p>Nosso sistema de rastreamento de frotas permite que voc\u00ea acompanhe em tempo real a localiza\u00e7\u00e3o, o desempenho e a seguran\u00e7a de seus ve\u00edculos. Com informa\u00e7\u00f5es precisas e atualizadas, voc\u00ea pode tomar decis\u00f5es informadas, otimizar rotas e reduzir custos.<\/p><p>Al\u00e9m disso, nossa solu\u00e7\u00e3o de gest\u00e3o de frotas simplifica o monitoramento e a manuten\u00e7\u00e3o preventiva dos ve\u00edculos. Com alertas autom\u00e1ticos e recursos abrangentes, voc\u00ea evita falhas inesperadas, prolonga a vida \u00fatil dos ve\u00edculos e reduz custos de manuten\u00e7\u00e3o.<\/p><p>Nossa equipe dedicada est\u00e1 pronta para fornecer suporte personalizado em todas as etapas, garantindo sua satisfa\u00e7\u00e3o e sucesso. Conte com a Vision Control para otimizar suas opera\u00e7\u00f5es de transporte e alcan\u00e7ar uma gest\u00e3o eficiente de frotas. Entre em contato conosco e descubra como podemos ajudar voc\u00ea.<\/p>\t\t\t\t\t\t\t\t<\/div>\n\t\t\t\t<\/div>\n\t\t\t\t\t<\/div>\n\t\t<\/div>\n\t\t\t\t<div class=\"elementor-column elementor-col-50 elementor-inner-column elementor-element elementor-element-6b185111\" data-id=\"6b185111\" data-element_type=\"column\">\n\t\t\t<div class=\"elementor-widget-wrap elementor-element-populated\">\n\t\t\t\t\t\t<div class=\"elementor-element elementor-element-103c148c elementor-invisible elementor-widget elementor-widget-image\" data-id=\"103c148c\" data-element_type=\"widget\" data-settings=\"{&quot;_animation&quot;:&quot;fadeInRight&quot;}\" data-widget_type=\"image.default\">\n\t\t\t\t<div class=\"elementor-widget-container\">\n\t\t\t\t\t\t\t\t\t\t\t\t\t\t\t<img decoding=\"async\" width=\"1024\" height=\"1024\" src=\"https:\/\/visioncontrol.com.br\/wp-content\/uploads\/2023\/06\/5.png\" class=\"attachment-large size-large wp-image-347\" alt=\"\" srcset=\"https:\/\/visioncontrol.com.br\/wp-content\/uploads\/2023\/06\/5.png 1024w, https:\/\/visioncontrol.com.br\/wp-content\/uploads\/2023\/06\/5-300x300.png 300w, https:\/\/visioncontrol.com.br\/wp-content\/uploads\/2023\/06\/5-150x150.png 150w, https:\/\/visioncontrol.com.br\/wp-content\/uploads\/2023\/06\/5-768x768.png 768w\" sizes=\"(max-width: 1024px) 100vw, 1024px\" \/>\t\t\t\t\t\t\t\t\t\t\t\t\t\t\t<\/div>\n\t\t\t\t<\/div>\n\t\t\t\t\t<\/div>\n\t\t<\/div>\n\t\t\t\t\t<\/div>\n\t\t<\/section>\n\t\t\t\t<\/div>\n\t\t","protected":false},"excerpt":{"rendered":"<p>Login Fale com um Especialista Sobre N\u00f3s Bem-vindo \u00e0 Vision Control, uma empresa especializada em sistemas de rastreamento e gest\u00e3o de frotas. Com nossa tecnologia avan\u00e7ada, oferecemos solu\u00e7\u00f5es inteligentes para otimizar suas opera\u00e7\u00f5es de transporte. Nosso sistema de rastreamento de frotas permite que voc\u00ea acompanhe em tempo real a localiza\u00e7\u00e3o, o desempenho e a seguran\u00e7a &hellip;<\/p>\n<p class=\"read-more\"> <a class=\"\" href=\"https:\/\/visioncontrol.com.br\/?page_id=412\"> <span class=\"screen-reader-text\">Sobre N\u00f3s<\/span> Leia mais &raquo;<\/a><\/p>\n","protected":false},"author":3,"featured_media":0,"parent":0,"menu_order":0,"comment_status":"closed","ping_status":"closed","template":"","meta":{"site-sidebar-layout":"no-sidebar","site-content-layout":"page-builder","ast-global-header-display":"","ast-banner-title-visibility":"","ast-main-header-display":"","ast-hfb-above-header-display":"","ast-hfb-below-header-display":"","ast-hfb-mobile-header-display":"","site-post-title":"disabled","ast-breadcrumbs-content":"","ast-featured-img":"disabled","footer-sml-layout":"","theme-transparent-header-meta":"","adv-header-id-meta":"","stick-header-meta":"","header-above-stick-meta":"","header-main-stick-meta":"","header-below-stick-meta":"","footnotes":""},"_links":{"self":[{"href":"https:\/\/visioncontrol.com.br\/index.php?rest_route=\/wp\/v2\/pages\/412"}],"collection":[{"href":"https:\/\/visioncontrol.com.br\/index.php?rest_route=\/wp\/v2\/pages"}],"about":[{"href":"https:\/\/visioncontrol.com.br\/index.php?rest_route=\/wp\/v2\/types\/page"}],"author":[{"embeddable":true,"href":"https:\/\/visioncontrol.com.br\/index.php?rest_route=\/wp\/v2\/users\/3"}],"replies":[{"embeddable":true,"href":"https:\/\/visioncontrol.com.br\/index.php?rest_route=%2Fwp%2Fv2%2Fcomments&post=412"}],"version-history":[{"count":17,"href":"https:\/\/visioncontrol.com.br\/index.php?rest_route=\/wp\/v2\/pages\/412\/revisions"}],"predecessor-version":[{"id":1569,"href":"https:\/\/visioncontrol.com.br\/index.php?rest_route=\/wp\/v2\/pages\/412\/revisions\/1569"}],"wp:attachment":[{"href":"https:\/\/visioncontrol.com.br\/index.php?rest_route=%2Fwp%2Fv2%2Fmedia&parent=412"}],"curies":[{"name":"wp","href":"https:\/\/api.w.org\/{rel}","templated":true}]}}